{"id":35889,"date":"2026-03-09T23:20:20","date_gmt":"2026-03-09T23:20:20","guid":{"rendered":"https:\/\/megatiendasexual.com\/?post_type=product&#038;p=35889"},"modified":"2026-03-09T23:20:20","modified_gmt":"2026-03-09T23:20:20","slug":"multiorgasmo-electric","status":"publish","type":"product","link":"https:\/\/megatiendasexual.com\/?product=multiorgasmo-electric","title":{"rendered":"MULTIORGASMO ELECTRIC"},"content":{"rendered":"","protected":false},"excerpt":{"rendered":"<p>Lubricante electrizante combina el deslizamiento suave y duradero de un lubricante de alta calidad con una emocionante sensaci\u00f3n de hormigueo y pulsaciones que har\u00e1n que cada roce sea una aventura. con su f\u00f3rmula \u00fanica y excitante, este lubricante te invita a explorar tus deseos m\u00e1s profundos y experimentar un placer inigualable.<\/p>\n","protected":false},"featured_media":35894,"template":"","meta":[],"product_brand":[],"product_cat":[618],"product_tag":[],"class_list":{"0":"post-35889","1":"product","2":"type-product","3":"status-publish","4":"has-post-thumbnail","6":"product_cat-multiorgasmos","9":"first","10":"instock","11":"shipping-taxable","12":"purchasable","13":"product-type-simple"},"_links":{"self":[{"href":"https:\/\/megatiendasexual.com\/index.php?rest_route=\/wp\/v2\/product\/35889","targetHints":{"allow":["GET"]}}],"collection":[{"href":"https:\/\/megatiendasexual.com\/index.php?rest_route=\/wp\/v2\/product"}],"about":[{"href":"https:\/\/megatiendasexual.com\/index.php?rest_route=\/wp\/v2\/types\/product"}],"wp:featuredmedia":[{"embeddable":true,"href":"https:\/\/megatiendasexual.com\/index.php?rest_route=\/wp\/v2\/media\/35894"}],"wp:attachment":[{"href":"https:\/\/megatiendasexual.com\/index.php?rest_route=%2Fwp%2Fv2%2Fmedia&parent=35889"}],"wp:term":[{"taxonomy":"product_brand","embeddable":true,"href":"https:\/\/megatiendasexual.com\/index.php?rest_route=%2Fwp%2Fv2%2Fproduct_brand&post=35889"},{"taxonomy":"product_cat","embeddable":true,"href":"https:\/\/megatiendasexual.com\/index.php?rest_route=%2Fwp%2Fv2%2Fproduct_cat&post=35889"},{"taxonomy":"product_tag","embeddable":true,"href":"https:\/\/megatiendasexual.com\/index.php?rest_route=%2Fwp%2Fv2%2Fproduct_tag&post=35889"}],"curies":[{"name":"wp","href":"https:\/\/api.w.org\/{rel}","templated":true}]}}