{"id":34998,"date":"2024-09-26T19:59:19","date_gmt":"2024-09-26T19:59:19","guid":{"rendered":"https:\/\/megatiendasexual.com\/?post_type=product&#038;p=34998"},"modified":"2024-09-26T19:59:19","modified_gmt":"2024-09-26T19:59:19","slug":"vibrador-llavero","status":"publish","type":"product","link":"https:\/\/megatiendasexual.com\/?product=vibrador-llavero","title":{"rendered":"VIBRADOR LLAVERO"},"content":{"rendered":"","protected":false},"excerpt":{"rendered":"<p>Micro-vibrador que te dar\u00e1 poderosos orgasmos.No est\u00e1 dise\u00f1ado para la penetraci\u00f3n, sino para la estimulaci\u00f3n de las paredes externas de la vagina y el cl\u00edtoris, con su peque\u00f1a cabeza.<\/p>\n","protected":false},"featured_media":34999,"template":"","meta":[],"product_brand":[],"product_cat":[622],"product_tag":[],"class_list":{"0":"post-34998","1":"product","2":"type-product","3":"status-publish","4":"has-post-thumbnail","6":"product_cat-vibradores","9":"first","10":"instock","11":"shipping-taxable","12":"purchasable","13":"product-type-simple"},"_links":{"self":[{"href":"https:\/\/megatiendasexual.com\/index.php?rest_route=\/wp\/v2\/product\/34998","targetHints":{"allow":["GET"]}}],"collection":[{"href":"https:\/\/megatiendasexual.com\/index.php?rest_route=\/wp\/v2\/product"}],"about":[{"href":"https:\/\/megatiendasexual.com\/index.php?rest_route=\/wp\/v2\/types\/product"}],"wp:featuredmedia":[{"embeddable":true,"href":"https:\/\/megatiendasexual.com\/index.php?rest_route=\/wp\/v2\/media\/34999"}],"wp:attachment":[{"href":"https:\/\/megatiendasexual.com\/index.php?rest_route=%2Fwp%2Fv2%2Fmedia&parent=34998"}],"wp:term":[{"taxonomy":"product_brand","embeddable":true,"href":"https:\/\/megatiendasexual.com\/index.php?rest_route=%2Fwp%2Fv2%2Fproduct_brand&post=34998"},{"taxonomy":"product_cat","embeddable":true,"href":"https:\/\/megatiendasexual.com\/index.php?rest_route=%2Fwp%2Fv2%2Fproduct_cat&post=34998"},{"taxonomy":"product_tag","embeddable":true,"href":"https:\/\/megatiendasexual.com\/index.php?rest_route=%2Fwp%2Fv2%2Fproduct_tag&post=34998"}],"curies":[{"name":"wp","href":"https:\/\/api.w.org\/{rel}","templated":true}]}}