{"id":34815,"date":"2024-09-20T16:31:38","date_gmt":"2024-09-20T16:31:38","guid":{"rendered":"https:\/\/megatiendasexual.com\/?post_type=product&#038;p=34815"},"modified":"2026-03-09T23:17:49","modified_gmt":"2026-03-09T23:17:49","slug":"multiorgasmo","status":"publish","type":"product","link":"https:\/\/megatiendasexual.com\/?product=multiorgasmo","title":{"rendered":"VIBRADOR LIQUIDO"},"content":{"rendered":"","protected":false},"excerpt":{"rendered":"<p>Siente, vibra y disfruta<br \/>\nDescubre Frequency, el primer vibrador l\u00edquido de Colombia, dise\u00f1ado para revolucionar tus momentos \u00edntimos con un solo toque. Con solo una gota, este gel provoca una sensaci\u00f3n vibrante en el cl\u00edtoris, similar a la de un juguete sexual, intensificando cada caricia y llev\u00e1ndote a nuevas alturas de placer.<\/p>\n","protected":false},"featured_media":35893,"template":"","meta":[],"product_brand":[],"product_cat":[618],"product_tag":[],"class_list":{"0":"post-34815","1":"product","2":"type-product","3":"status-publish","4":"has-post-thumbnail","6":"product_cat-multiorgasmos","9":"first","10":"instock","11":"shipping-taxable","12":"purchasable","13":"product-type-simple"},"_links":{"self":[{"href":"https:\/\/megatiendasexual.com\/index.php?rest_route=\/wp\/v2\/product\/34815","targetHints":{"allow":["GET"]}}],"collection":[{"href":"https:\/\/megatiendasexual.com\/index.php?rest_route=\/wp\/v2\/product"}],"about":[{"href":"https:\/\/megatiendasexual.com\/index.php?rest_route=\/wp\/v2\/types\/product"}],"wp:featuredmedia":[{"embeddable":true,"href":"https:\/\/megatiendasexual.com\/index.php?rest_route=\/wp\/v2\/media\/35893"}],"wp:attachment":[{"href":"https:\/\/megatiendasexual.com\/index.php?rest_route=%2Fwp%2Fv2%2Fmedia&parent=34815"}],"wp:term":[{"taxonomy":"product_brand","embeddable":true,"href":"https:\/\/megatiendasexual.com\/index.php?rest_route=%2Fwp%2Fv2%2Fproduct_brand&post=34815"},{"taxonomy":"product_cat","embeddable":true,"href":"https:\/\/megatiendasexual.com\/index.php?rest_route=%2Fwp%2Fv2%2Fproduct_cat&post=34815"},{"taxonomy":"product_tag","embeddable":true,"href":"https:\/\/megatiendasexual.com\/index.php?rest_route=%2Fwp%2Fv2%2Fproduct_tag&post=34815"}],"curies":[{"name":"wp","href":"https:\/\/api.w.org\/{rel}","templated":true}]}}